{"id":2481,"date":"2023-11-07T10:54:17","date_gmt":"2023-11-07T09:54:17","guid":{"rendered":"https:\/\/clubcasanova.nl\/regulile-casei\/"},"modified":"2024-02-01T11:50:14","modified_gmt":"2024-02-01T10:50:14","slug":"regulile-casei","status":"publish","type":"page","link":"https:\/\/clubcasanova.nl\/ro\/regulile-casei\/","title":{"rendered":"Regulile casei"},"content":{"rendered":"\t\t<div data-elementor-type=\"wp-page\" data-elementor-id=\"2481\" class=\"elementor elementor-2481 elementor-60\" data-elementor-post-type=\"page\">\n\t\t\t\t<div class=\"elementor-element elementor-element-bf38e4b e-flex e-con-boxed e-con e-parent\" data-id=\"bf38e4b\" data-element_type=\"container\" data-e-type=\"container\" data-settings=\"{&quot;background_background&quot;:&quot;classic&quot;}\">\n\t\t\t\t\t<div class=\"e-con-inner\">\n\t\t\t\t<div class=\"elementor-element elementor-element-a323a93 elementor-invisible elementor-widget elementor-widget-heading\" data-id=\"a323a93\" data-element_type=\"widget\" data-e-type=\"widget\" data-settings=\"{&quot;_animation&quot;:&quot;fadeInUp&quot;}\" data-widget_type=\"heading.default\">\n\t\t\t\t<div class=\"elementor-widget-container\">\n\t\t\t\t\t<h1 class=\"elementor-heading-title elementor-size-default\">Regulile casei<\/h1>\t\t\t\t<\/div>\n\t\t\t\t<\/div>\n\t\t\t\t\t<\/div>\n\t\t\t\t<\/div>\n\t\t<div class=\"elementor-element elementor-element-620a069 e-flex e-con-boxed e-con e-parent\" data-id=\"620a069\" data-element_type=\"container\" data-e-type=\"container\">\n\t\t\t\t\t<div class=\"e-con-inner\">\n\t\t\t\t<div class=\"elementor-element elementor-element-e21b7bf elementor-widget elementor-widget-heading\" data-id=\"e21b7bf\" data-element_type=\"widget\" data-e-type=\"widget\" data-settings=\"{&quot;_animation&quot;:&quot;none&quot;}\" data-widget_type=\"heading.default\">\n\t\t\t\t<div class=\"elementor-widget-container\">\n\t\t\t\t\t<h2 class=\"elementor-heading-title elementor-size-default\">La Club Casanova se aplic\u0103 urm\u0103toarele reguli:<\/h2>\t\t\t\t<\/div>\n\t\t\t\t<\/div>\n\t\t\t\t<div class=\"elementor-element elementor-element-d2b1411 elementor-widget elementor-widget-text-editor\" data-id=\"d2b1411\" data-element_type=\"widget\" data-e-type=\"widget\" data-widget_type=\"text-editor.default\">\n\t\t\t\t<div class=\"elementor-widget-container\">\n\t\t\t\t\t\t\t\t\t<p>Acord\u0103m o mare importan\u021b\u0103 respectului \u0219i \u00eencrederii reciproce. Punem pe primul loc confiden\u021bialitatea, discre\u021bia, profesionalismul \u0219i calitatea. Siguran\u021ba este prioritatea noastr\u0103, a\u0219a c\u0103: Sexul \u00een siguran\u021b\u0103 \u00een toate actele erotice. Avem toate resursele, experien\u021ba \u0219i cuno\u0219tin\u021bele pentru a garanta servicii excelente. Club Casanova nu lucreaz\u0103 cu doamnele care sunt constr\u00e2nse. Toate doamnele noastre lucreaz\u0103 independent \u0219i de bun\u0103voie. Exclusiv este inclus! Acesta este credo-ul nostru. Cu noi sunte\u021bi asigurat de divertisment de calitate \u0219i profesionalism. Ai venit \u00een locul potrivit pentru o perioad\u0103 de neuitat al\u0103turi de doamnele noastre. Acord\u0103m o mare importan\u021b\u0103 satisfac\u021biei clien\u021bilor no\u0219tri. Club Casanova garanteaz\u0103 aten\u021bie personal\u0103, intimitate, discre\u021bie, calitate \u0219i convivialitate. Sunt disponibile diverse servicii \u00een func\u021bie de dorin\u021bele \u0219i a\u0219tept\u0103rile dumneavoastr\u0103. Ai idei creative sau dorin\u021be speciale? Excentric sau extravagant? Anun\u021b\u0103-ne! Putem realiza totul pentru tine, nimic nu este imposibil! Club Casanova: Exclusiv este inclus!                 <\/p>\n<p>Accesul de la v\u00e2rsta de 18 ani.Comer\u021bul\/utilizarea drogurilor \u0219i a armelor interzis.Este indicat s\u0103 v\u0103 at\u00e2rna\u021bi paltoanele \u0219i \u0219epcile pe suportul corespunz\u0103tor.Conducerea are dreptul la perchezi\u021bie.Oamenii trebuie s\u0103 se comporte corespunz\u0103tor \u0219i cu respect fa\u021b\u0103 de toat\u0103 lumea.Nu consumul excesiv de alcool.folosirea facilitatilor este obligatorie, dus Sexul sigur cu toate actiunile Conducerea nu raspunde pentru eventualele daune sau furturi suferite, dulapuri sunt disponibile pentru obiecte de valoare.Daca nu sunt respectate regulile casei accesul va fi refuzat.<\/p>\n\t\t\t\t\t\t\t\t<\/div>\n\t\t\t\t<\/div>\n\t\t\t\t\t<\/div>\n\t\t\t\t<\/div>\n\t\t\t\t<\/div>\n\t\t","protected":false},"excerpt":{"rendered":"<p>Regulile casei La Club Casanova se aplic\u0103 urm\u0103toarele reguli: Acord\u0103m o mare importan\u021b\u0103 respectului \u0219i \u00eencrederii reciproce. Punem pe primul loc confiden\u021bialitatea, discre\u021bia, profesionalismul \u0219i calitatea. Siguran\u021ba este prioritatea noastr\u0103, a\u0219a c\u0103: Sexul \u00een siguran\u021b\u0103 \u00een toate actele erotice. Avem toate resursele, experien\u021ba \u0219i cuno\u0219tin\u021bele pentru a garanta servicii excelente. Club Casanova nu lucreaz\u0103 cu [&hellip;]<\/p>\n","protected":false},"author":1,"featured_media":0,"parent":0,"menu_order":8,"comment_status":"closed","ping_status":"closed","template":"elementor_header_footer","meta":{"_acf_changed":false,"footnotes":""},"class_list":["post-2481","page","type-page","status-publish","hentry"],"acf":[],"yoast_head":"<!-- This site is optimized with the Yoast SEO plugin v27.2 - https:\/\/yoast.com\/product\/yoast-seo-wordpress\/ -->\n<title>Regulile casei - Club Casanova<\/title>\n<meta name=\"robots\" content=\"index, follow, max-snippet:-1, max-image-preview:large, max-video-preview:-1\" \/>\n<link rel=\"canonical\" href=\"https:\/\/clubcasanova.nl\/ro\/regulile-casei\/\" \/>\n<meta property=\"og:locale\" content=\"ro_RO\" \/>\n<meta property=\"og:type\" content=\"article\" \/>\n<meta property=\"og:title\" content=\"Regulile casei - Club Casanova\" \/>\n<meta property=\"og:description\" content=\"Regulile casei La Club Casanova se aplic\u0103 urm\u0103toarele reguli: Acord\u0103m o mare importan\u021b\u0103 respectului \u0219i \u00eencrederii reciproce. Punem pe primul loc confiden\u021bialitatea, discre\u021bia, profesionalismul \u0219i calitatea. Siguran\u021ba este prioritatea noastr\u0103, a\u0219a c\u0103: Sexul \u00een siguran\u021b\u0103 \u00een toate actele erotice. Avem toate resursele, experien\u021ba \u0219i cuno\u0219tin\u021bele pentru a garanta servicii excelente. Club Casanova nu lucreaz\u0103 cu [&hellip;]\" \/>\n<meta property=\"og:url\" content=\"https:\/\/clubcasanova.nl\/ro\/regulile-casei\/\" \/>\n<meta property=\"og:site_name\" content=\"Club Casanova\" \/>\n<meta property=\"article:modified_time\" content=\"2024-02-01T10:50:14+00:00\" \/>\n<meta name=\"twitter:card\" content=\"summary_large_image\" \/>\n<meta name=\"twitter:label1\" content=\"Timp estimat pentru citire\" \/>\n\t<meta name=\"twitter:data1\" content=\"1 minut\" \/>\n<script type=\"application\/ld+json\" class=\"yoast-schema-graph\">{\"@context\":\"https:\/\/schema.org\",\"@graph\":[{\"@type\":\"WebPage\",\"@id\":\"https:\/\/clubcasanova.nl\/ro\/regulile-casei\/\",\"url\":\"https:\/\/clubcasanova.nl\/ro\/regulile-casei\/\",\"name\":\"Regulile casei - Club Casanova\",\"isPartOf\":{\"@id\":\"https:\/\/clubcasanova.nl\/ro\/#website\"},\"datePublished\":\"2023-11-07T09:54:17+00:00\",\"dateModified\":\"2024-02-01T10:50:14+00:00\",\"breadcrumb\":{\"@id\":\"https:\/\/clubcasanova.nl\/ro\/regulile-casei\/#breadcrumb\"},\"inLanguage\":\"ro-RO\",\"potentialAction\":[{\"@type\":\"ReadAction\",\"target\":[\"https:\/\/clubcasanova.nl\/ro\/regulile-casei\/\"]}]},{\"@type\":\"BreadcrumbList\",\"@id\":\"https:\/\/clubcasanova.nl\/ro\/regulile-casei\/#breadcrumb\",\"itemListElement\":[{\"@type\":\"ListItem\",\"position\":1,\"name\":\"Home\",\"item\":\"https:\/\/clubcasanova.nl\/ro\/home\/\"},{\"@type\":\"ListItem\",\"position\":2,\"name\":\"Regulile casei\"}]},{\"@type\":\"WebSite\",\"@id\":\"https:\/\/clubcasanova.nl\/ro\/#website\",\"url\":\"https:\/\/clubcasanova.nl\/ro\/\",\"name\":\"Club Casanova\",\"description\":\"\",\"publisher\":{\"@id\":\"https:\/\/clubcasanova.nl\/ro\/#organization\"},\"potentialAction\":[{\"@type\":\"SearchAction\",\"target\":{\"@type\":\"EntryPoint\",\"urlTemplate\":\"https:\/\/clubcasanova.nl\/ro\/?s={search_term_string}\"},\"query-input\":{\"@type\":\"PropertyValueSpecification\",\"valueRequired\":true,\"valueName\":\"search_term_string\"}}],\"inLanguage\":\"ro-RO\"},{\"@type\":\"Organization\",\"@id\":\"https:\/\/clubcasanova.nl\/ro\/#organization\",\"name\":\"Club Casanova\",\"url\":\"https:\/\/clubcasanova.nl\/ro\/\",\"logo\":{\"@type\":\"ImageObject\",\"inLanguage\":\"ro-RO\",\"@id\":\"https:\/\/clubcasanova.nl\/ro\/#\/schema\/logo\/image\/\",\"url\":\"https:\/\/clubcasanova.nl\/wp-content\/uploads\/2023\/11\/logo.webp\",\"contentUrl\":\"https:\/\/clubcasanova.nl\/wp-content\/uploads\/2023\/11\/logo.webp\",\"width\":167,\"height\":62,\"caption\":\"Club Casanova\"},\"image\":{\"@id\":\"https:\/\/clubcasanova.nl\/ro\/#\/schema\/logo\/image\/\"}}]}<\/script>\n<!-- \/ Yoast SEO plugin. -->","yoast_head_json":{"title":"Regulile casei - Club Casanova","robots":{"index":"index","follow":"follow","max-snippet":"max-snippet:-1","max-image-preview":"max-image-preview:large","max-video-preview":"max-video-preview:-1"},"canonical":"https:\/\/clubcasanova.nl\/ro\/regulile-casei\/","og_locale":"ro_RO","og_type":"article","og_title":"Regulile casei - Club Casanova","og_description":"Regulile casei La Club Casanova se aplic\u0103 urm\u0103toarele reguli: Acord\u0103m o mare importan\u021b\u0103 respectului \u0219i \u00eencrederii reciproce. Punem pe primul loc confiden\u021bialitatea, discre\u021bia, profesionalismul \u0219i calitatea. Siguran\u021ba este prioritatea noastr\u0103, a\u0219a c\u0103: Sexul \u00een siguran\u021b\u0103 \u00een toate actele erotice. Avem toate resursele, experien\u021ba \u0219i cuno\u0219tin\u021bele pentru a garanta servicii excelente. Club Casanova nu lucreaz\u0103 cu [&hellip;]","og_url":"https:\/\/clubcasanova.nl\/ro\/regulile-casei\/","og_site_name":"Club Casanova","article_modified_time":"2024-02-01T10:50:14+00:00","twitter_card":"summary_large_image","twitter_misc":{"Timp estimat pentru citire":"1 minut"},"schema":{"@context":"https:\/\/schema.org","@graph":[{"@type":"WebPage","@id":"https:\/\/clubcasanova.nl\/ro\/regulile-casei\/","url":"https:\/\/clubcasanova.nl\/ro\/regulile-casei\/","name":"Regulile casei - Club Casanova","isPartOf":{"@id":"https:\/\/clubcasanova.nl\/ro\/#website"},"datePublished":"2023-11-07T09:54:17+00:00","dateModified":"2024-02-01T10:50:14+00:00","breadcrumb":{"@id":"https:\/\/clubcasanova.nl\/ro\/regulile-casei\/#breadcrumb"},"inLanguage":"ro-RO","potentialAction":[{"@type":"ReadAction","target":["https:\/\/clubcasanova.nl\/ro\/regulile-casei\/"]}]},{"@type":"BreadcrumbList","@id":"https:\/\/clubcasanova.nl\/ro\/regulile-casei\/#breadcrumb","itemListElement":[{"@type":"ListItem","position":1,"name":"Home","item":"https:\/\/clubcasanova.nl\/ro\/home\/"},{"@type":"ListItem","position":2,"name":"Regulile casei"}]},{"@type":"WebSite","@id":"https:\/\/clubcasanova.nl\/ro\/#website","url":"https:\/\/clubcasanova.nl\/ro\/","name":"Club Casanova","description":"","publisher":{"@id":"https:\/\/clubcasanova.nl\/ro\/#organization"},"potentialAction":[{"@type":"SearchAction","target":{"@type":"EntryPoint","urlTemplate":"https:\/\/clubcasanova.nl\/ro\/?s={search_term_string}"},"query-input":{"@type":"PropertyValueSpecification","valueRequired":true,"valueName":"search_term_string"}}],"inLanguage":"ro-RO"},{"@type":"Organization","@id":"https:\/\/clubcasanova.nl\/ro\/#organization","name":"Club Casanova","url":"https:\/\/clubcasanova.nl\/ro\/","logo":{"@type":"ImageObject","inLanguage":"ro-RO","@id":"https:\/\/clubcasanova.nl\/ro\/#\/schema\/logo\/image\/","url":"https:\/\/clubcasanova.nl\/wp-content\/uploads\/2023\/11\/logo.webp","contentUrl":"https:\/\/clubcasanova.nl\/wp-content\/uploads\/2023\/11\/logo.webp","width":167,"height":62,"caption":"Club Casanova"},"image":{"@id":"https:\/\/clubcasanova.nl\/ro\/#\/schema\/logo\/image\/"}}]}},"_links":{"self":[{"href":"https:\/\/clubcasanova.nl\/ro\/wp-json\/wp\/v2\/pages\/2481","targetHints":{"allow":["GET"]}}],"collection":[{"href":"https:\/\/clubcasanova.nl\/ro\/wp-json\/wp\/v2\/pages"}],"about":[{"href":"https:\/\/clubcasanova.nl\/ro\/wp-json\/wp\/v2\/types\/page"}],"author":[{"embeddable":true,"href":"https:\/\/clubcasanova.nl\/ro\/wp-json\/wp\/v2\/users\/1"}],"replies":[{"embeddable":true,"href":"https:\/\/clubcasanova.nl\/ro\/wp-json\/wp\/v2\/comments?post=2481"}],"version-history":[{"count":4,"href":"https:\/\/clubcasanova.nl\/ro\/wp-json\/wp\/v2\/pages\/2481\/revisions"}],"predecessor-version":[{"id":3691,"href":"https:\/\/clubcasanova.nl\/ro\/wp-json\/wp\/v2\/pages\/2481\/revisions\/3691"}],"wp:attachment":[{"href":"https:\/\/clubcasanova.nl\/ro\/wp-json\/wp\/v2\/media?parent=2481"}],"curies":[{"name":"wp","href":"https:\/\/api.w.org\/{rel}","templated":true}]}}