{"id":2426,"date":"2023-11-07T10:52:23","date_gmt":"2023-11-07T09:52:23","guid":{"rendered":"https:\/\/clubcasanova.nl\/a-lua-legatura\/"},"modified":"2025-01-30T11:32:54","modified_gmt":"2025-01-30T10:32:54","slug":"a-lua-legatura","status":"publish","type":"page","link":"https:\/\/clubcasanova.nl\/ro\/a-lua-legatura\/","title":{"rendered":"a lua legatura"},"content":{"rendered":"\t\t<div data-elementor-type=\"wp-page\" data-elementor-id=\"2426\" class=\"elementor elementor-2426 elementor-50\" data-elementor-post-type=\"page\">\n\t\t\t\t<div class=\"elementor-element elementor-element-ae85ae5 e-flex e-con-boxed e-con e-parent\" data-id=\"ae85ae5\" data-element_type=\"container\" data-e-type=\"container\" data-settings=\"{&quot;background_background&quot;:&quot;classic&quot;}\">\n\t\t\t\t\t<div class=\"e-con-inner\">\n\t\t\t\t<div class=\"elementor-element elementor-element-1d91eff elementor-invisible elementor-widget elementor-widget-heading\" data-id=\"1d91eff\" data-element_type=\"widget\" data-e-type=\"widget\" data-settings=\"{&quot;_animation&quot;:&quot;fadeInUp&quot;}\" data-widget_type=\"heading.default\">\n\t\t\t\t<div class=\"elementor-widget-container\">\n\t\t\t\t\t<h1 class=\"elementor-heading-title elementor-size-default\">a lua legatura<\/h1>\t\t\t\t<\/div>\n\t\t\t\t<\/div>\n\t\t\t\t<div class=\"elementor-element elementor-element-f5c848a elementor-invisible elementor-widget elementor-widget-heading\" data-id=\"f5c848a\" data-element_type=\"widget\" data-e-type=\"widget\" data-settings=\"{&quot;_animation&quot;:&quot;fadeInLeft&quot;}\" data-widget_type=\"heading.default\">\n\t\t\t\t<div class=\"elementor-widget-container\">\n\t\t\t\t\t<div class=\"elementor-heading-title elementor-size-default\">Viziteaz\u0103-ne pentru o <span style=\"color:#efc78a\">sear\u0103 de neuitat<\/span><\/div>\t\t\t\t<\/div>\n\t\t\t\t<\/div>\n\t\t\t\t\t<\/div>\n\t\t\t\t<\/div>\n\t\t<div class=\"elementor-element elementor-element-2ce9289 e-flex e-con-boxed e-con e-parent\" data-id=\"2ce9289\" data-element_type=\"container\" data-e-type=\"container\">\n\t\t\t\t\t<div class=\"e-con-inner\">\n\t\t<div class=\"elementor-element elementor-element-cbb1926 e-con-full e-flex e-con e-child\" data-id=\"cbb1926\" data-element_type=\"container\" data-e-type=\"container\">\n\t\t\t\t<div class=\"elementor-element elementor-element-491f6fa elementor-widget elementor-widget-heading\" data-id=\"491f6fa\" data-element_type=\"widget\" data-e-type=\"widget\" data-settings=\"{&quot;_animation&quot;:&quot;none&quot;}\" data-widget_type=\"heading.default\">\n\t\t\t\t<div class=\"elementor-widget-container\">\n\t\t\t\t\t<h3 class=\"elementor-heading-title elementor-size-default\">Viziteaz\u0103 clubul<\/h3>\t\t\t\t<\/div>\n\t\t\t\t<\/div>\n\t\t\t\t<div class=\"elementor-element elementor-element-c47357c elementor-widget elementor-widget-heading\" data-id=\"c47357c\" data-element_type=\"widget\" data-e-type=\"widget\" data-settings=\"{&quot;_animation&quot;:&quot;none&quot;}\" data-widget_type=\"heading.default\">\n\t\t\t\t<div class=\"elementor-widget-container\">\n\t\t\t\t\t<h2 class=\"elementor-heading-title elementor-size-default\">Loca\u021bia noastr\u0103<\/h2>\t\t\t\t<\/div>\n\t\t\t\t<\/div>\n\t\t\t\t<div class=\"elementor-element elementor-element-f4770f6 elementor-icon-list--layout-traditional elementor-list-item-link-full_width elementor-widget elementor-widget-icon-list\" data-id=\"f4770f6\" data-element_type=\"widget\" data-e-type=\"widget\" data-widget_type=\"icon-list.default\">\n\t\t\t\t<div class=\"elementor-widget-container\">\n\t\t\t\t\t\t\t<ul class=\"elementor-icon-list-items\">\n\t\t\t\t\t\t\t<li class=\"elementor-icon-list-item\">\n\t\t\t\t\t\t\t\t\t\t\t<a href=\"https:\/\/www.google.com\/maps\/dir\/\/Noorderhagen+1B+7511+EJ+Enschede\" target=\"_blank\">\n\n\t\t\t\t\t\t\t\t\t\t\t\t<span class=\"elementor-icon-list-icon\">\n\t\t\t\t\t\t\t<svg aria-hidden=\"true\" class=\"e-font-icon-svg e-fas-map-marker-alt\" viewBox=\"0 0 384 512\" xmlns=\"http:\/\/www.w3.org\/2000\/svg\"><path d=\"M172.268 501.67C26.97 291.031 0 269.413 0 192 0 85.961 85.961 0 192 0s192 85.961 192 192c0 77.413-26.97 99.031-172.268 309.67-9.535 13.774-29.93 13.773-39.464 0zM192 272c44.183 0 80-35.817 80-80s-35.817-80-80-80-80 35.817-80 80 35.817 80 80 80z\"><\/path><\/svg>\t\t\t\t\t\t<\/span>\n\t\t\t\t\t\t\t\t\t\t<span class=\"elementor-icon-list-text\"><br>Noorderhagen 1B 7511EJ Enschede<\/span>\n\t\t\t\t\t\t\t\t\t\t\t<\/a>\n\t\t\t\t\t\t\t\t\t<\/li>\n\t\t\t\t\t\t\t\t<li class=\"elementor-icon-list-item\">\n\t\t\t\t\t\t\t\t\t\t\t<a href=\"tel:+31534322840\">\n\n\t\t\t\t\t\t\t\t\t\t\t\t<span class=\"elementor-icon-list-icon\">\n\t\t\t\t\t\t\t<svg aria-hidden=\"true\" class=\"e-font-icon-svg e-fab-whatsapp\" viewBox=\"0 0 448 512\" xmlns=\"http:\/\/www.w3.org\/2000\/svg\"><path d=\"M380.9 97.1C339 55.1 283.2 32 223.9 32c-122.4 0-222 99.6-222 222 0 39.1 10.2 77.3 29.6 111L0 480l117.7-30.9c32.4 17.7 68.9 27 106.1 27h.1c122.3 0 224.1-99.6 224.1-222 0-59.3-25.2-115-67.1-157zm-157 341.6c-33.2 0-65.7-8.9-94-25.7l-6.7-4-69.8 18.3L72 359.2l-4.4-7c-18.5-29.4-28.2-63.3-28.2-98.2 0-101.7 82.8-184.5 184.6-184.5 49.3 0 95.6 19.2 130.4 54.1 34.8 34.9 56.2 81.2 56.1 130.5 0 101.8-84.9 184.6-186.6 184.6zm101.2-138.2c-5.5-2.8-32.8-16.2-37.9-18-5.1-1.9-8.8-2.8-12.5 2.8-3.7 5.6-14.3 18-17.6 21.8-3.2 3.7-6.5 4.2-12 1.4-32.6-16.3-54-29.1-75.5-66-5.7-9.8 5.7-9.1 16.3-30.3 1.8-3.7.9-6.9-.5-9.7-1.4-2.8-12.5-30.1-17.1-41.2-4.5-10.8-9.1-9.3-12.5-9.5-3.2-.2-6.9-.2-10.6-.2-3.7 0-9.7 1.4-14.8 6.9-5.1 5.6-19.4 19-19.4 46.3 0 27.3 19.9 53.7 22.6 57.4 2.8 3.7 39.1 59.7 94.8 83.8 35.2 15.2 49 16.5 66.6 13.9 10.7-1.6 32.8-13.4 37.4-26.4 4.6-13 4.6-24.1 3.2-26.4-1.3-2.5-5-3.9-10.5-6.6z\"><\/path><\/svg>\t\t\t\t\t\t<\/span>\n\t\t\t\t\t\t\t\t\t\t<span class=\"elementor-icon-list-text\">WhatsApp-ne<\/span>\n\t\t\t\t\t\t\t\t\t\t\t<\/a>\n\t\t\t\t\t\t\t\t\t<\/li>\n\t\t\t\t\t\t\t\t<li class=\"elementor-icon-list-item\">\n\t\t\t\t\t\t\t\t\t\t\t<a href=\"mailto:info@clubcasanova.nl\">\n\n\t\t\t\t\t\t\t\t\t\t\t\t<span class=\"elementor-icon-list-icon\">\n\t\t\t\t\t\t\t<svg aria-hidden=\"true\" class=\"e-font-icon-svg e-fas-envelope\" viewBox=\"0 0 512 512\" xmlns=\"http:\/\/www.w3.org\/2000\/svg\"><path d=\"M502.3 190.8c3.9-3.1 9.7-.2 9.7 4.7V400c0 26.5-21.5 48-48 48H48c-26.5 0-48-21.5-48-48V195.6c0-5 5.7-7.8 9.7-4.7 22.4 17.4 52.1 39.5 154.1 113.6 21.1 15.4 56.7 47.8 92.2 47.6 35.7.3 72-32.8 92.3-47.6 102-74.1 131.6-96.3 154-113.7zM256 320c23.2.4 56.6-29.2 73.4-41.4 132.7-96.3 142.8-104.7 173.4-128.7 5.8-4.5 9.2-11.5 9.2-18.9v-19c0-26.5-21.5-48-48-48H48C21.5 64 0 85.5 0 112v19c0 7.4 3.4 14.3 9.2 18.9 30.6 23.9 40.7 32.4 173.4 128.7 16.8 12.2 50.2 41.8 73.4 41.4z\"><\/path><\/svg>\t\t\t\t\t\t<\/span>\n\t\t\t\t\t\t\t\t\t\t<span class=\"elementor-icon-list-text\">info@clubcasanova.nl<\/span>\n\t\t\t\t\t\t\t\t\t\t\t<\/a>\n\t\t\t\t\t\t\t\t\t<\/li>\n\t\t\t\t\t\t<\/ul>\n\t\t\t\t\t\t<\/div>\n\t\t\t\t<\/div>\n\t\t\t\t<div class=\"elementor-element elementor-element-2bac845 elementor-widget elementor-widget-heading\" data-id=\"2bac845\" data-element_type=\"widget\" data-e-type=\"widget\" data-settings=\"{&quot;_animation&quot;:&quot;none&quot;}\" data-widget_type=\"heading.default\">\n\t\t\t\t<div class=\"elementor-widget-container\">\n\t\t\t\t\t<h2 class=\"elementor-heading-title elementor-size-default\">Ore de deschidere<\/h2>\t\t\t\t<\/div>\n\t\t\t\t<\/div>\n\t\t\t\t<div class=\"elementor-element elementor-element-691edf8 elementor-icon-list--layout-traditional elementor-list-item-link-full_width elementor-widget elementor-widget-icon-list\" data-id=\"691edf8\" data-element_type=\"widget\" data-e-type=\"widget\" data-widget_type=\"icon-list.default\">\n\t\t\t\t<div class=\"elementor-widget-container\">\n\t\t\t\t\t\t\t<ul class=\"elementor-icon-list-items\">\n\t\t\t\t\t\t\t<li class=\"elementor-icon-list-item\">\n\t\t\t\t\t\t\t\t\t\t<span class=\"elementor-icon-list-text\"><br>De mar\u021bi p\u00e2n\u0103 duminic\u0103 de la 20.00 la 04.00<\/span>\n\t\t\t\t\t\t\t\t\t<\/li>\n\t\t\t\t\t\t\t\t<li class=\"elementor-icon-list-item\">\n\t\t\t\t\t\t\t\t\t\t<span class=\"elementor-icon-list-text\">\u00cenchis \u00een zilele de luni<\/span>\n\t\t\t\t\t\t\t\t\t<\/li>\n\t\t\t\t\t\t<\/ul>\n\t\t\t\t\t\t<\/div>\n\t\t\t\t<\/div>\n\t\t\t\t<\/div>\n\t\t<div class=\"elementor-element elementor-element-80871af e-con-full e-flex e-con e-child\" data-id=\"80871af\" data-element_type=\"container\" data-e-type=\"container\" data-settings=\"{&quot;motion_fx_motion_fx_scrolling&quot;:&quot;yes&quot;,&quot;motion_fx_translateX_effect&quot;:&quot;yes&quot;,&quot;motion_fx_translateX_affectedRange&quot;:{&quot;unit&quot;:&quot;%&quot;,&quot;size&quot;:&quot;&quot;,&quot;sizes&quot;:{&quot;start&quot;:0,&quot;end&quot;:50}},&quot;motion_fx_devices&quot;:[&quot;desktop&quot;],&quot;motion_fx_range&quot;:&quot;viewport&quot;,&quot;animation&quot;:&quot;none&quot;,&quot;motion_fx_translateX_speed&quot;:{&quot;unit&quot;:&quot;px&quot;,&quot;size&quot;:4,&quot;sizes&quot;:[]}}\">\n\t\t\t\t<div class=\"elementor-element elementor-element-9ec7fcc elementor-widget elementor-widget-image\" data-id=\"9ec7fcc\" data-element_type=\"widget\" data-e-type=\"widget\" data-widget_type=\"image.default\">\n\t\t\t\t<div class=\"elementor-widget-container\">\n\t\t\t\t\t\t\t\t\t\t\t\t\t\t\t<img fetchpriority=\"high\" decoding=\"async\" width=\"550\" height=\"413\" src=\"https:\/\/clubcasanova.nl\/wp-content\/uploads\/2023\/11\/voorkant-pand-club-casanova.webp\" class=\"attachment-full size-full wp-image-2194\" alt=\"\" srcset=\"https:\/\/clubcasanova.nl\/wp-content\/uploads\/2023\/11\/voorkant-pand-club-casanova.webp 550w, https:\/\/clubcasanova.nl\/wp-content\/uploads\/2023\/11\/voorkant-pand-club-casanova-300x225.webp 300w\" sizes=\"(max-width: 550px) 100vw, 550px\" \/>\t\t\t\t\t\t\t\t\t\t\t\t\t\t\t<\/div>\n\t\t\t\t<\/div>\n\t\t\t\t<\/div>\n\t\t\t\t\t<\/div>\n\t\t\t\t<\/div>\n\t\t<div class=\"elementor-element elementor-element-a73359c e-flex e-con-boxed e-con e-parent\" data-id=\"a73359c\" data-element_type=\"container\" data-e-type=\"container\" data-settings=\"{&quot;background_background&quot;:&quot;classic&quot;}\">\n\t\t\t\t\t<div class=\"e-con-inner\">\n\t\t<div class=\"elementor-element elementor-element-811aa22 e-con-full e-flex e-con e-child\" data-id=\"811aa22\" data-element_type=\"container\" data-e-type=\"container\" data-settings=\"{&quot;motion_fx_motion_fx_scrolling&quot;:&quot;yes&quot;,&quot;motion_fx_translateX_effect&quot;:&quot;yes&quot;,&quot;motion_fx_translateX_affectedRange&quot;:{&quot;unit&quot;:&quot;%&quot;,&quot;size&quot;:&quot;&quot;,&quot;sizes&quot;:{&quot;start&quot;:0,&quot;end&quot;:50}},&quot;motion_fx_devices&quot;:[&quot;desktop&quot;],&quot;motion_fx_range&quot;:&quot;viewport&quot;,&quot;animation&quot;:&quot;none&quot;,&quot;motion_fx_translateX_direction&quot;:&quot;negative&quot;,&quot;motion_fx_translateX_speed&quot;:{&quot;unit&quot;:&quot;px&quot;,&quot;size&quot;:4,&quot;sizes&quot;:[]}}\">\n\t\t\t\t<div class=\"elementor-element elementor-element-c325a71 elementor-widget elementor-widget-image\" data-id=\"c325a71\" data-element_type=\"widget\" data-e-type=\"widget\" data-widget_type=\"image.default\">\n\t\t\t\t<div class=\"elementor-widget-container\">\n\t\t\t\t\t\t\t\t\t\t\t\t\t\t\t<img decoding=\"async\" width=\"700\" height=\"478\" src=\"https:\/\/clubcasanova.nl\/wp-content\/uploads\/2023\/11\/bar.webp\" class=\"attachment-full size-full wp-image-2170\" alt=\"\" srcset=\"https:\/\/clubcasanova.nl\/wp-content\/uploads\/2023\/11\/bar.webp 700w, https:\/\/clubcasanova.nl\/wp-content\/uploads\/2023\/11\/bar-300x205.webp 300w\" sizes=\"(max-width: 700px) 100vw, 700px\" \/>\t\t\t\t\t\t\t\t\t\t\t\t\t\t\t<\/div>\n\t\t\t\t<\/div>\n\t\t\t\t<\/div>\n\t\t<div class=\"elementor-element elementor-element-5c7d761 e-con-full e-flex e-con e-child\" data-id=\"5c7d761\" data-element_type=\"container\" data-e-type=\"container\">\n\t\t\t\t<div class=\"elementor-element elementor-element-15fdb5d elementor-widget elementor-widget-heading\" data-id=\"15fdb5d\" data-element_type=\"widget\" data-e-type=\"widget\" data-settings=\"{&quot;_animation&quot;:&quot;none&quot;}\" data-widget_type=\"heading.default\">\n\t\t\t\t<div class=\"elementor-widget-container\">\n\t\t\t\t\t<h3 class=\"elementor-heading-title elementor-size-default\">Viziteaz\u0103 clubul<\/h3>\t\t\t\t<\/div>\n\t\t\t\t<\/div>\n\t\t\t\t<div class=\"elementor-element elementor-element-6f5e964 elementor-widget elementor-widget-heading\" data-id=\"6f5e964\" data-element_type=\"widget\" data-e-type=\"widget\" data-settings=\"{&quot;_animation&quot;:&quot;none&quot;}\" data-widget_type=\"heading.default\">\n\t\t\t\t<div class=\"elementor-widget-container\">\n\t\t\t\t\t<h2 class=\"elementor-heading-title elementor-size-default\">Vrei s\u0103 lucrezi la Club Casanova?<\/h2>\t\t\t\t<\/div>\n\t\t\t\t<\/div>\n\t\t\t\t<div class=\"elementor-element elementor-element-5a72ac4 elementor-widget elementor-widget-text-editor\" data-id=\"5a72ac4\" data-element_type=\"widget\" data-e-type=\"widget\" data-widget_type=\"text-editor.default\">\n\t\t\t\t<div class=\"elementor-widget-container\">\n\t\t\t\t\t\t\t\t\t<p>Lucr\u0103m exclusiv cu escorte care \u00ee\u0219i desf\u0103\u0219oar\u0103 profesia cu discre\u021bie. Ne vom asigura c\u0103 ave\u021bi cea mai bun\u0103 experien\u021b\u0103 f\u0103r\u0103 ca nimeni s\u0103 observe. Astfel, te vei putea bucura de experien\u021ba ta unic\u0103 \u0219i ne vom asigura c\u0103 e\u0219ti complet mul\u021bumit.  <\/p>\n\t\t\t\t\t\t\t\t<\/div>\n\t\t\t\t<\/div>\n\t\t\t\t<div class=\"elementor-element elementor-element-ccdd15f elementor-widget elementor-widget-button\" data-id=\"ccdd15f\" data-element_type=\"widget\" data-e-type=\"widget\" data-widget_type=\"button.default\">\n\t\t\t\t<div class=\"elementor-widget-container\">\n\t\t\t\t\t\t\t\t\t<div class=\"elementor-button-wrapper\">\n\t\t\t\t\t<a class=\"elementor-button elementor-button-link elementor-size-sm\" href=\"https:\/\/clubcasanova.nl\/ro\/lucrez-la\/\">\n\t\t\t\t\t\t<span class=\"elementor-button-content-wrapper\">\n\t\t\t\t\t\t\t\t\t<span class=\"elementor-button-text\">Mai multe informatii<\/span>\n\t\t\t\t\t<\/span>\n\t\t\t\t\t<\/a>\n\t\t\t\t<\/div>\n\t\t\t\t\t\t\t\t<\/div>\n\t\t\t\t<\/div>\n\t\t\t\t<\/div>\n\t\t\t\t\t<\/div>\n\t\t\t\t<\/div>\n\t\t<div class=\"elementor-element elementor-element-6a3079b e-flex e-con-boxed e-con e-parent\" data-id=\"6a3079b\" data-element_type=\"container\" data-e-type=\"container\" data-settings=\"{&quot;background_background&quot;:&quot;classic&quot;}\">\n\t\t\t\t\t<div class=\"e-con-inner\">\n\t\t\t\t<div class=\"elementor-element elementor-element-57924e4 elementor-invisible elementor-widget elementor-widget-heading\" data-id=\"57924e4\" data-element_type=\"widget\" data-e-type=\"widget\" data-settings=\"{&quot;_animation&quot;:&quot;fadeInUp&quot;,&quot;_animation_delay&quot;:500}\" data-widget_type=\"heading.default\">\n\t\t\t\t<div class=\"elementor-widget-container\">\n\t\t\t\t\t<div class=\"elementor-heading-title elementor-size-default\">Gata pentru o <span style=\"color:#EFC78A\">noapte de neuitat?<\/span><\/div>\t\t\t\t<\/div>\n\t\t\t\t<\/div>\n\t\t\t\t\t<\/div>\n\t\t\t\t<\/div>\n\t\t<div class=\"elementor-element elementor-element-bd13608 e-con-full e-flex e-con e-parent\" data-id=\"bd13608\" data-element_type=\"container\" data-e-type=\"container\">\n\t\t\t\t<div class=\"elementor-element elementor-element-57ab9c8 elementor-widget elementor-widget-google_maps\" data-id=\"57ab9c8\" data-element_type=\"widget\" data-e-type=\"widget\" data-widget_type=\"google_maps.default\">\n\t\t\t\t<div class=\"elementor-widget-container\">\n\t\t\t\t\t\t\t<div class=\"elementor-custom-embed\">\n\t\t\t<iframe loading=\"lazy\"\n\t\t\t\t\tsrc=\"https:\/\/maps.google.com\/maps?q=Club%20Casanova%20Noorderhagen%201B%207511%20EJ%20Enschede&#038;t=m&#038;z=14&#038;output=embed&#038;iwloc=near\"\n\t\t\t\t\ttitle=\"Club Casanova Noorderhagen 1B 7511 EJ Enschede\"\n\t\t\t\t\taria-label=\"Club Casanova Noorderhagen 1B 7511 EJ Enschede\"\n\t\t\t><\/iframe>\n\t\t<\/div>\n\t\t\t\t\t\t<\/div>\n\t\t\t\t<\/div>\n\t\t\t\t<\/div>\n\t\t\t\t<\/div>\n\t\t","protected":false},"excerpt":{"rendered":"<p>a lua legatura Viziteaz\u0103-ne pentru o sear\u0103 de neuitat Viziteaz\u0103 clubul Loca\u021bia noastr\u0103 Noorderhagen 1B 7511EJ Enschede WhatsApp-ne info@clubcasanova.nl Ore de deschidere De mar\u021bi p\u00e2n\u0103 duminic\u0103 de la 20.00 la 04.00 \u00cenchis \u00een zilele de luni Viziteaz\u0103 clubul Vrei s\u0103 lucrezi la Club Casanova? Lucr\u0103m exclusiv cu escorte care \u00ee\u0219i desf\u0103\u0219oar\u0103 profesia cu discre\u021bie. Ne [&hellip;]<\/p>\n","protected":false},"author":1,"featured_media":0,"parent":0,"menu_order":5,"comment_status":"closed","ping_status":"closed","template":"elementor_header_footer","meta":{"_acf_changed":false,"footnotes":""},"class_list":["post-2426","page","type-page","status-publish","hentry"],"acf":[],"yoast_head":"<!-- This site is optimized with the Yoast SEO plugin v27.5 - https:\/\/yoast.com\/product\/yoast-seo-wordpress\/ -->\n<title>a lua legatura - Club Casanova<\/title>\n<meta name=\"robots\" content=\"index, follow, max-snippet:-1, max-image-preview:large, max-video-preview:-1\" \/>\n<link rel=\"canonical\" href=\"https:\/\/clubcasanova.nl\/ro\/a-lua-legatura\/\" \/>\n<meta property=\"og:locale\" content=\"ro_RO\" \/>\n<meta property=\"og:type\" content=\"article\" \/>\n<meta property=\"og:title\" content=\"a lua legatura - Club Casanova\" \/>\n<meta property=\"og:description\" content=\"a lua legatura Viziteaz\u0103-ne pentru o sear\u0103 de neuitat Viziteaz\u0103 clubul Loca\u021bia noastr\u0103 Noorderhagen 1B 7511EJ Enschede WhatsApp-ne info@clubcasanova.nl Ore de deschidere De mar\u021bi p\u00e2n\u0103 duminic\u0103 de la 20.00 la 04.00 \u00cenchis \u00een zilele de luni Viziteaz\u0103 clubul Vrei s\u0103 lucrezi la Club Casanova? Lucr\u0103m exclusiv cu escorte care \u00ee\u0219i desf\u0103\u0219oar\u0103 profesia cu discre\u021bie. Ne [&hellip;]\" \/>\n<meta property=\"og:url\" content=\"https:\/\/clubcasanova.nl\/ro\/a-lua-legatura\/\" \/>\n<meta property=\"og:site_name\" content=\"Club Casanova\" \/>\n<meta property=\"article:modified_time\" content=\"2025-01-30T10:32:54+00:00\" \/>\n<meta property=\"og:image\" content=\"https:\/\/clubcasanova.nl\/wp-content\/uploads\/2023\/11\/voorkant-pand-club-casanova.webp\" \/>\n\t<meta property=\"og:image:width\" content=\"550\" \/>\n\t<meta property=\"og:image:height\" content=\"413\" \/>\n\t<meta property=\"og:image:type\" content=\"image\/webp\" \/>\n<meta name=\"twitter:card\" content=\"summary_large_image\" \/>\n<meta name=\"twitter:label1\" content=\"Timp estimat pentru citire\" \/>\n\t<meta name=\"twitter:data1\" content=\"1 minut\" \/>\n<script type=\"application\/ld+json\" class=\"yoast-schema-graph\">{\"@context\":\"https:\\\/\\\/schema.org\",\"@graph\":[{\"@type\":\"WebPage\",\"@id\":\"https:\\\/\\\/clubcasanova.nl\\\/ro\\\/a-lua-legatura\\\/\",\"url\":\"https:\\\/\\\/clubcasanova.nl\\\/ro\\\/a-lua-legatura\\\/\",\"name\":\"a lua legatura - Club Casanova\",\"isPartOf\":{\"@id\":\"https:\\\/\\\/clubcasanova.nl\\\/ro\\\/#website\"},\"primaryImageOfPage\":{\"@id\":\"https:\\\/\\\/clubcasanova.nl\\\/ro\\\/a-lua-legatura\\\/#primaryimage\"},\"image\":{\"@id\":\"https:\\\/\\\/clubcasanova.nl\\\/ro\\\/a-lua-legatura\\\/#primaryimage\"},\"thumbnailUrl\":\"https:\\\/\\\/clubcasanova.nl\\\/wp-content\\\/uploads\\\/2023\\\/11\\\/voorkant-pand-club-casanova.webp\",\"datePublished\":\"2023-11-07T09:52:23+00:00\",\"dateModified\":\"2025-01-30T10:32:54+00:00\",\"breadcrumb\":{\"@id\":\"https:\\\/\\\/clubcasanova.nl\\\/ro\\\/a-lua-legatura\\\/#breadcrumb\"},\"inLanguage\":\"ro-RO\",\"potentialAction\":[{\"@type\":\"ReadAction\",\"target\":[\"https:\\\/\\\/clubcasanova.nl\\\/ro\\\/a-lua-legatura\\\/\"]}]},{\"@type\":\"ImageObject\",\"inLanguage\":\"ro-RO\",\"@id\":\"https:\\\/\\\/clubcasanova.nl\\\/ro\\\/a-lua-legatura\\\/#primaryimage\",\"url\":\"https:\\\/\\\/clubcasanova.nl\\\/wp-content\\\/uploads\\\/2023\\\/11\\\/voorkant-pand-club-casanova.webp\",\"contentUrl\":\"https:\\\/\\\/clubcasanova.nl\\\/wp-content\\\/uploads\\\/2023\\\/11\\\/voorkant-pand-club-casanova.webp\"},{\"@type\":\"BreadcrumbList\",\"@id\":\"https:\\\/\\\/clubcasanova.nl\\\/ro\\\/a-lua-legatura\\\/#breadcrumb\",\"itemListElement\":[{\"@type\":\"ListItem\",\"position\":1,\"name\":\"Home\",\"item\":\"https:\\\/\\\/clubcasanova.nl\\\/ro\\\/home\\\/\"},{\"@type\":\"ListItem\",\"position\":2,\"name\":\"a lua legatura\"}]},{\"@type\":\"WebSite\",\"@id\":\"https:\\\/\\\/clubcasanova.nl\\\/ro\\\/#website\",\"url\":\"https:\\\/\\\/clubcasanova.nl\\\/ro\\\/\",\"name\":\"Club Casanova\",\"description\":\"\",\"publisher\":{\"@id\":\"https:\\\/\\\/clubcasanova.nl\\\/ro\\\/#organization\"},\"potentialAction\":[{\"@type\":\"SearchAction\",\"target\":{\"@type\":\"EntryPoint\",\"urlTemplate\":\"https:\\\/\\\/clubcasanova.nl\\\/ro\\\/?s={search_term_string}\"},\"query-input\":{\"@type\":\"PropertyValueSpecification\",\"valueRequired\":true,\"valueName\":\"search_term_string\"}}],\"inLanguage\":\"ro-RO\"},{\"@type\":\"Organization\",\"@id\":\"https:\\\/\\\/clubcasanova.nl\\\/ro\\\/#organization\",\"name\":\"Club Casanova\",\"url\":\"https:\\\/\\\/clubcasanova.nl\\\/ro\\\/\",\"logo\":{\"@type\":\"ImageObject\",\"inLanguage\":\"ro-RO\",\"@id\":\"https:\\\/\\\/clubcasanova.nl\\\/ro\\\/#\\\/schema\\\/logo\\\/image\\\/\",\"url\":\"https:\\\/\\\/clubcasanova.nl\\\/wp-content\\\/uploads\\\/2023\\\/11\\\/logo.webp\",\"contentUrl\":\"https:\\\/\\\/clubcasanova.nl\\\/wp-content\\\/uploads\\\/2023\\\/11\\\/logo.webp\",\"width\":167,\"height\":62,\"caption\":\"Club Casanova\"},\"image\":{\"@id\":\"https:\\\/\\\/clubcasanova.nl\\\/ro\\\/#\\\/schema\\\/logo\\\/image\\\/\"}}]}<\/script>\n<!-- \/ Yoast SEO plugin. -->","yoast_head_json":{"title":"a lua legatura - Club Casanova","robots":{"index":"index","follow":"follow","max-snippet":"max-snippet:-1","max-image-preview":"max-image-preview:large","max-video-preview":"max-video-preview:-1"},"canonical":"https:\/\/clubcasanova.nl\/ro\/a-lua-legatura\/","og_locale":"ro_RO","og_type":"article","og_title":"a lua legatura - Club Casanova","og_description":"a lua legatura Viziteaz\u0103-ne pentru o sear\u0103 de neuitat Viziteaz\u0103 clubul Loca\u021bia noastr\u0103 Noorderhagen 1B 7511EJ Enschede WhatsApp-ne info@clubcasanova.nl Ore de deschidere De mar\u021bi p\u00e2n\u0103 duminic\u0103 de la 20.00 la 04.00 \u00cenchis \u00een zilele de luni Viziteaz\u0103 clubul Vrei s\u0103 lucrezi la Club Casanova? Lucr\u0103m exclusiv cu escorte care \u00ee\u0219i desf\u0103\u0219oar\u0103 profesia cu discre\u021bie. Ne [&hellip;]","og_url":"https:\/\/clubcasanova.nl\/ro\/a-lua-legatura\/","og_site_name":"Club Casanova","article_modified_time":"2025-01-30T10:32:54+00:00","og_image":[{"width":550,"height":413,"url":"https:\/\/clubcasanova.nl\/wp-content\/uploads\/2023\/11\/voorkant-pand-club-casanova.webp","type":"image\/webp"}],"twitter_card":"summary_large_image","twitter_misc":{"Timp estimat pentru citire":"1 minut"},"schema":{"@context":"https:\/\/schema.org","@graph":[{"@type":"WebPage","@id":"https:\/\/clubcasanova.nl\/ro\/a-lua-legatura\/","url":"https:\/\/clubcasanova.nl\/ro\/a-lua-legatura\/","name":"a lua legatura - Club Casanova","isPartOf":{"@id":"https:\/\/clubcasanova.nl\/ro\/#website"},"primaryImageOfPage":{"@id":"https:\/\/clubcasanova.nl\/ro\/a-lua-legatura\/#primaryimage"},"image":{"@id":"https:\/\/clubcasanova.nl\/ro\/a-lua-legatura\/#primaryimage"},"thumbnailUrl":"https:\/\/clubcasanova.nl\/wp-content\/uploads\/2023\/11\/voorkant-pand-club-casanova.webp","datePublished":"2023-11-07T09:52:23+00:00","dateModified":"2025-01-30T10:32:54+00:00","breadcrumb":{"@id":"https:\/\/clubcasanova.nl\/ro\/a-lua-legatura\/#breadcrumb"},"inLanguage":"ro-RO","potentialAction":[{"@type":"ReadAction","target":["https:\/\/clubcasanova.nl\/ro\/a-lua-legatura\/"]}]},{"@type":"ImageObject","inLanguage":"ro-RO","@id":"https:\/\/clubcasanova.nl\/ro\/a-lua-legatura\/#primaryimage","url":"https:\/\/clubcasanova.nl\/wp-content\/uploads\/2023\/11\/voorkant-pand-club-casanova.webp","contentUrl":"https:\/\/clubcasanova.nl\/wp-content\/uploads\/2023\/11\/voorkant-pand-club-casanova.webp"},{"@type":"BreadcrumbList","@id":"https:\/\/clubcasanova.nl\/ro\/a-lua-legatura\/#breadcrumb","itemListElement":[{"@type":"ListItem","position":1,"name":"Home","item":"https:\/\/clubcasanova.nl\/ro\/home\/"},{"@type":"ListItem","position":2,"name":"a lua legatura"}]},{"@type":"WebSite","@id":"https:\/\/clubcasanova.nl\/ro\/#website","url":"https:\/\/clubcasanova.nl\/ro\/","name":"Club Casanova","description":"","publisher":{"@id":"https:\/\/clubcasanova.nl\/ro\/#organization"},"potentialAction":[{"@type":"SearchAction","target":{"@type":"EntryPoint","urlTemplate":"https:\/\/clubcasanova.nl\/ro\/?s={search_term_string}"},"query-input":{"@type":"PropertyValueSpecification","valueRequired":true,"valueName":"search_term_string"}}],"inLanguage":"ro-RO"},{"@type":"Organization","@id":"https:\/\/clubcasanova.nl\/ro\/#organization","name":"Club Casanova","url":"https:\/\/clubcasanova.nl\/ro\/","logo":{"@type":"ImageObject","inLanguage":"ro-RO","@id":"https:\/\/clubcasanova.nl\/ro\/#\/schema\/logo\/image\/","url":"https:\/\/clubcasanova.nl\/wp-content\/uploads\/2023\/11\/logo.webp","contentUrl":"https:\/\/clubcasanova.nl\/wp-content\/uploads\/2023\/11\/logo.webp","width":167,"height":62,"caption":"Club Casanova"},"image":{"@id":"https:\/\/clubcasanova.nl\/ro\/#\/schema\/logo\/image\/"}}]}},"_links":{"self":[{"href":"https:\/\/clubcasanova.nl\/ro\/wp-json\/wp\/v2\/pages\/2426","targetHints":{"allow":["GET"]}}],"collection":[{"href":"https:\/\/clubcasanova.nl\/ro\/wp-json\/wp\/v2\/pages"}],"about":[{"href":"https:\/\/clubcasanova.nl\/ro\/wp-json\/wp\/v2\/types\/page"}],"author":[{"embeddable":true,"href":"https:\/\/clubcasanova.nl\/ro\/wp-json\/wp\/v2\/users\/1"}],"replies":[{"embeddable":true,"href":"https:\/\/clubcasanova.nl\/ro\/wp-json\/wp\/v2\/comments?post=2426"}],"version-history":[{"count":16,"href":"https:\/\/clubcasanova.nl\/ro\/wp-json\/wp\/v2\/pages\/2426\/revisions"}],"predecessor-version":[{"id":4603,"href":"https:\/\/clubcasanova.nl\/ro\/wp-json\/wp\/v2\/pages\/2426\/revisions\/4603"}],"wp:attachment":[{"href":"https:\/\/clubcasanova.nl\/ro\/wp-json\/wp\/v2\/media?parent=2426"}],"curies":[{"name":"wp","href":"https:\/\/api.w.org\/{rel}","templated":true}]}}