{"id":2408,"date":"2023-11-07T10:54:17","date_gmt":"2023-11-07T09:54:17","guid":{"rendered":"https:\/\/clubcasanova.nl\/hausordnung\/"},"modified":"2024-02-01T11:50:06","modified_gmt":"2024-02-01T10:50:06","slug":"hausordnung","status":"publish","type":"page","link":"https:\/\/clubcasanova.nl\/de\/hausordnung\/","title":{"rendered":"Hausordnung"},"content":{"rendered":"\t\t<div data-elementor-type=\"wp-page\" data-elementor-id=\"2408\" class=\"elementor elementor-2408 elementor-60\" data-elementor-post-type=\"page\">\n\t\t\t\t<div class=\"elementor-element elementor-element-bf38e4b e-flex e-con-boxed e-con e-parent\" data-id=\"bf38e4b\" data-element_type=\"container\" data-e-type=\"container\" data-settings=\"{&quot;background_background&quot;:&quot;classic&quot;}\">\n\t\t\t\t\t<div class=\"e-con-inner\">\n\t\t\t\t<div class=\"elementor-element elementor-element-a323a93 elementor-invisible elementor-widget elementor-widget-heading\" data-id=\"a323a93\" data-element_type=\"widget\" data-e-type=\"widget\" data-settings=\"{&quot;_animation&quot;:&quot;fadeInUp&quot;}\" data-widget_type=\"heading.default\">\n\t\t\t\t<div class=\"elementor-widget-container\">\n\t\t\t\t\t<h1 class=\"elementor-heading-title elementor-size-default\">Hausordnung<\/h1>\t\t\t\t<\/div>\n\t\t\t\t<\/div>\n\t\t\t\t\t<\/div>\n\t\t\t\t<\/div>\n\t\t<div class=\"elementor-element elementor-element-620a069 e-flex e-con-boxed e-con e-parent\" data-id=\"620a069\" data-element_type=\"container\" data-e-type=\"container\">\n\t\t\t\t\t<div class=\"e-con-inner\">\n\t\t\t\t<div class=\"elementor-element elementor-element-e21b7bf elementor-widget elementor-widget-heading\" data-id=\"e21b7bf\" data-element_type=\"widget\" data-e-type=\"widget\" data-settings=\"{&quot;_animation&quot;:&quot;none&quot;}\" data-widget_type=\"heading.default\">\n\t\t\t\t<div class=\"elementor-widget-container\">\n\t\t\t\t\t<h2 class=\"elementor-heading-title elementor-size-default\">Im Club Casanova gelten die folgenden Hausregeln:<\/h2>\t\t\t\t<\/div>\n\t\t\t\t<\/div>\n\t\t\t\t<div class=\"elementor-element elementor-element-d2b1411 elementor-widget elementor-widget-text-editor\" data-id=\"d2b1411\" data-element_type=\"widget\" data-e-type=\"widget\" data-widget_type=\"text-editor.default\">\n\t\t\t\t<div class=\"elementor-widget-container\">\n\t\t\t\t\t\t\t\t\t<p>Wir legen Wert auf gegenseitigen Respekt und Vertrauen. Privatsph\u00e4re, Diskretion, Professionalit\u00e4t und Qualit\u00e4t stehen bei uns an erster Stelle. Sicherheit ist unsere Priorit\u00e4t, also: Safe Sex bei allen erotischen Handlungen. Wir verf\u00fcgen \u00fcber alle Ressourcen, Erfahrungen und das richtige Wissen, um einen hervorragenden Service zu gew\u00e4hrleisten. Der Club Casanova arbeitet nicht mit Damen, die unter Zwang stehen. Alle unsere Damen arbeiten unabh\u00e4ngig und aus freien St\u00fccken. Exklusiv ist inklusive! Das ist unser Credo. Bei uns k\u00f6nnen Sie sich auf hochwertige Unterhaltung und Professionalit\u00e4t verlassen. F\u00fcr eine unvergessliche Zeit mit unseren Damen sind Sie bei uns genau richtig. Wir legen gro\u00dfen Wert auf die Zufriedenheit unserer Kunden. Der Club Casanova garantiert pers\u00f6nliche Aufmerksamkeit, Privatsph\u00e4re, Diskretion, Qualit\u00e4t und Geselligkeit. Je nach Ihren Bed\u00fcrfnissen und Erwartungen sind verschiedene Dienstleistungen m\u00f6glich. Haben Sie kreative Ideen oder besondere W\u00fcnsche? Exzentrisch oder extravagant? Lassen Sie es uns wissen! Wir k\u00f6nnen alles f\u00fcr Sie realisieren, nichts ist unm\u00f6glich! Club Casanova: Exklusiv ist inklusive!                 <\/p>\n<p>Zutritt ab 18 Jahren Handel\/Verwendung von Drogen und Waffen verboten Es ist erw\u00fcnscht, seine M\u00e4ntel und M\u00fctzen an die daf\u00fcr vorgesehene Garderobe zu h\u00e4ngen Die Direktion beh\u00e4lt sich das Recht vor, eine Durchsuchung vorzunehmen Man sollte sich allen gegen\u00fcber angemessen und respektvoll verhalten Kein \u00fcberm\u00e4\u00dfiger Alkoholkonsum Bei der Nutzung der Einrichtungen ist Duschen Pflicht Safe-Sex bei allen Handlungen Die Direktion haftet nicht f\u00fcr entstandene Sch\u00e4den oder Diebstahl, f\u00fcr Wertsachen stehen Schlie\u00dff\u00e4cher zur Verf\u00fcgung Bei Nichteinhaltung der Hausordnung wird der Zutritt verweigert.<\/p>\n\t\t\t\t\t\t\t\t<\/div>\n\t\t\t\t<\/div>\n\t\t\t\t\t<\/div>\n\t\t\t\t<\/div>\n\t\t\t\t<\/div>\n\t\t","protected":false},"excerpt":{"rendered":"<p>Hausordnung Im Club Casanova gelten die folgenden Hausregeln: Wir legen Wert auf gegenseitigen Respekt und Vertrauen. Privatsph\u00e4re, Diskretion, Professionalit\u00e4t und Qualit\u00e4t stehen bei uns an erster Stelle. Sicherheit ist unsere Priorit\u00e4t, also: Safe Sex bei allen erotischen Handlungen. Wir verf\u00fcgen \u00fcber alle Ressourcen, Erfahrungen und das richtige Wissen, um einen hervorragenden Service zu gew\u00e4hrleisten. Der [&hellip;]<\/p>\n","protected":false},"author":1,"featured_media":0,"parent":0,"menu_order":8,"comment_status":"closed","ping_status":"closed","template":"elementor_header_footer","meta":{"_acf_changed":false,"footnotes":""},"class_list":["post-2408","page","type-page","status-publish","hentry"],"acf":[],"yoast_head":"<!-- This site is optimized with the Yoast SEO plugin v27.2 - https:\/\/yoast.com\/product\/yoast-seo-wordpress\/ -->\n<title>Hausordnung - Club Casanova<\/title>\n<meta name=\"robots\" content=\"index, follow, max-snippet:-1, max-image-preview:large, max-video-preview:-1\" \/>\n<link rel=\"canonical\" href=\"https:\/\/clubcasanova.nl\/de\/hausordnung\/\" \/>\n<meta property=\"og:locale\" content=\"de_DE\" \/>\n<meta property=\"og:type\" content=\"article\" \/>\n<meta property=\"og:title\" content=\"Hausordnung - Club Casanova\" \/>\n<meta property=\"og:description\" content=\"Hausordnung Im Club Casanova gelten die folgenden Hausregeln: Wir legen Wert auf gegenseitigen Respekt und Vertrauen. Privatsph\u00e4re, Diskretion, Professionalit\u00e4t und Qualit\u00e4t stehen bei uns an erster Stelle. Sicherheit ist unsere Priorit\u00e4t, also: Safe Sex bei allen erotischen Handlungen. Wir verf\u00fcgen \u00fcber alle Ressourcen, Erfahrungen und das richtige Wissen, um einen hervorragenden Service zu gew\u00e4hrleisten. Der [&hellip;]\" \/>\n<meta property=\"og:url\" content=\"https:\/\/clubcasanova.nl\/de\/hausordnung\/\" \/>\n<meta property=\"og:site_name\" content=\"Club Casanova\" \/>\n<meta property=\"article:modified_time\" content=\"2024-02-01T10:50:06+00:00\" \/>\n<meta name=\"twitter:card\" content=\"summary_large_image\" \/>\n<meta name=\"twitter:label1\" content=\"Gesch\u00e4tzte Lesezeit\" \/>\n\t<meta name=\"twitter:data1\" content=\"1\u00a0Minute\" \/>\n<script type=\"application\/ld+json\" class=\"yoast-schema-graph\">{\"@context\":\"https:\/\/schema.org\",\"@graph\":[{\"@type\":\"WebPage\",\"@id\":\"https:\/\/clubcasanova.nl\/de\/hausordnung\/\",\"url\":\"https:\/\/clubcasanova.nl\/de\/hausordnung\/\",\"name\":\"Hausordnung - Club Casanova\",\"isPartOf\":{\"@id\":\"https:\/\/clubcasanova.nl\/de\/#website\"},\"datePublished\":\"2023-11-07T09:54:17+00:00\",\"dateModified\":\"2024-02-01T10:50:06+00:00\",\"breadcrumb\":{\"@id\":\"https:\/\/clubcasanova.nl\/de\/hausordnung\/#breadcrumb\"},\"inLanguage\":\"de\",\"potentialAction\":[{\"@type\":\"ReadAction\",\"target\":[\"https:\/\/clubcasanova.nl\/de\/hausordnung\/\"]}]},{\"@type\":\"BreadcrumbList\",\"@id\":\"https:\/\/clubcasanova.nl\/de\/hausordnung\/#breadcrumb\",\"itemListElement\":[{\"@type\":\"ListItem\",\"position\":1,\"name\":\"Home\",\"item\":\"https:\/\/clubcasanova.nl\/de\/home\/\"},{\"@type\":\"ListItem\",\"position\":2,\"name\":\"Hausordnung\"}]},{\"@type\":\"WebSite\",\"@id\":\"https:\/\/clubcasanova.nl\/de\/#website\",\"url\":\"https:\/\/clubcasanova.nl\/de\/\",\"name\":\"Club Casanova\",\"description\":\"\",\"publisher\":{\"@id\":\"https:\/\/clubcasanova.nl\/de\/#organization\"},\"potentialAction\":[{\"@type\":\"SearchAction\",\"target\":{\"@type\":\"EntryPoint\",\"urlTemplate\":\"https:\/\/clubcasanova.nl\/de\/?s={search_term_string}\"},\"query-input\":{\"@type\":\"PropertyValueSpecification\",\"valueRequired\":true,\"valueName\":\"search_term_string\"}}],\"inLanguage\":\"de\"},{\"@type\":\"Organization\",\"@id\":\"https:\/\/clubcasanova.nl\/de\/#organization\",\"name\":\"Club Casanova\",\"url\":\"https:\/\/clubcasanova.nl\/de\/\",\"logo\":{\"@type\":\"ImageObject\",\"inLanguage\":\"de\",\"@id\":\"https:\/\/clubcasanova.nl\/de\/#\/schema\/logo\/image\/\",\"url\":\"https:\/\/clubcasanova.nl\/wp-content\/uploads\/2023\/11\/logo.webp\",\"contentUrl\":\"https:\/\/clubcasanova.nl\/wp-content\/uploads\/2023\/11\/logo.webp\",\"width\":167,\"height\":62,\"caption\":\"Club Casanova\"},\"image\":{\"@id\":\"https:\/\/clubcasanova.nl\/de\/#\/schema\/logo\/image\/\"}}]}<\/script>\n<!-- \/ Yoast SEO plugin. -->","yoast_head_json":{"title":"Hausordnung - Club Casanova","robots":{"index":"index","follow":"follow","max-snippet":"max-snippet:-1","max-image-preview":"max-image-preview:large","max-video-preview":"max-video-preview:-1"},"canonical":"https:\/\/clubcasanova.nl\/de\/hausordnung\/","og_locale":"de_DE","og_type":"article","og_title":"Hausordnung - Club Casanova","og_description":"Hausordnung Im Club Casanova gelten die folgenden Hausregeln: Wir legen Wert auf gegenseitigen Respekt und Vertrauen. Privatsph\u00e4re, Diskretion, Professionalit\u00e4t und Qualit\u00e4t stehen bei uns an erster Stelle. Sicherheit ist unsere Priorit\u00e4t, also: Safe Sex bei allen erotischen Handlungen. Wir verf\u00fcgen \u00fcber alle Ressourcen, Erfahrungen und das richtige Wissen, um einen hervorragenden Service zu gew\u00e4hrleisten. Der [&hellip;]","og_url":"https:\/\/clubcasanova.nl\/de\/hausordnung\/","og_site_name":"Club Casanova","article_modified_time":"2024-02-01T10:50:06+00:00","twitter_card":"summary_large_image","twitter_misc":{"Gesch\u00e4tzte Lesezeit":"1\u00a0Minute"},"schema":{"@context":"https:\/\/schema.org","@graph":[{"@type":"WebPage","@id":"https:\/\/clubcasanova.nl\/de\/hausordnung\/","url":"https:\/\/clubcasanova.nl\/de\/hausordnung\/","name":"Hausordnung - Club Casanova","isPartOf":{"@id":"https:\/\/clubcasanova.nl\/de\/#website"},"datePublished":"2023-11-07T09:54:17+00:00","dateModified":"2024-02-01T10:50:06+00:00","breadcrumb":{"@id":"https:\/\/clubcasanova.nl\/de\/hausordnung\/#breadcrumb"},"inLanguage":"de","potentialAction":[{"@type":"ReadAction","target":["https:\/\/clubcasanova.nl\/de\/hausordnung\/"]}]},{"@type":"BreadcrumbList","@id":"https:\/\/clubcasanova.nl\/de\/hausordnung\/#breadcrumb","itemListElement":[{"@type":"ListItem","position":1,"name":"Home","item":"https:\/\/clubcasanova.nl\/de\/home\/"},{"@type":"ListItem","position":2,"name":"Hausordnung"}]},{"@type":"WebSite","@id":"https:\/\/clubcasanova.nl\/de\/#website","url":"https:\/\/clubcasanova.nl\/de\/","name":"Club Casanova","description":"","publisher":{"@id":"https:\/\/clubcasanova.nl\/de\/#organization"},"potentialAction":[{"@type":"SearchAction","target":{"@type":"EntryPoint","urlTemplate":"https:\/\/clubcasanova.nl\/de\/?s={search_term_string}"},"query-input":{"@type":"PropertyValueSpecification","valueRequired":true,"valueName":"search_term_string"}}],"inLanguage":"de"},{"@type":"Organization","@id":"https:\/\/clubcasanova.nl\/de\/#organization","name":"Club Casanova","url":"https:\/\/clubcasanova.nl\/de\/","logo":{"@type":"ImageObject","inLanguage":"de","@id":"https:\/\/clubcasanova.nl\/de\/#\/schema\/logo\/image\/","url":"https:\/\/clubcasanova.nl\/wp-content\/uploads\/2023\/11\/logo.webp","contentUrl":"https:\/\/clubcasanova.nl\/wp-content\/uploads\/2023\/11\/logo.webp","width":167,"height":62,"caption":"Club Casanova"},"image":{"@id":"https:\/\/clubcasanova.nl\/de\/#\/schema\/logo\/image\/"}}]}},"_links":{"self":[{"href":"https:\/\/clubcasanova.nl\/de\/wp-json\/wp\/v2\/pages\/2408","targetHints":{"allow":["GET"]}}],"collection":[{"href":"https:\/\/clubcasanova.nl\/de\/wp-json\/wp\/v2\/pages"}],"about":[{"href":"https:\/\/clubcasanova.nl\/de\/wp-json\/wp\/v2\/types\/page"}],"author":[{"embeddable":true,"href":"https:\/\/clubcasanova.nl\/de\/wp-json\/wp\/v2\/users\/1"}],"replies":[{"embeddable":true,"href":"https:\/\/clubcasanova.nl\/de\/wp-json\/wp\/v2\/comments?post=2408"}],"version-history":[{"count":4,"href":"https:\/\/clubcasanova.nl\/de\/wp-json\/wp\/v2\/pages\/2408\/revisions"}],"predecessor-version":[{"id":3687,"href":"https:\/\/clubcasanova.nl\/de\/wp-json\/wp\/v2\/pages\/2408\/revisions\/3687"}],"wp:attachment":[{"href":"https:\/\/clubcasanova.nl\/de\/wp-json\/wp\/v2\/media?parent=2408"}],"curies":[{"name":"wp","href":"https:\/\/api.w.org\/{rel}","templated":true}]}}